{"id":2,"date":"2024-09-25T23:36:41","date_gmt":"2024-09-25T21:36:41","guid":{"rendered":"https:\/\/renzaccilaundromat.pl\/?page_id=2"},"modified":"2024-10-07T13:09:51","modified_gmt":"2024-10-07T11:09:51","slug":"przykladowa-strona","status":"publish","type":"page","link":"https:\/\/renzaccilaundromat.pl\/","title":{"rendered":"Inwestycja w pralni\u0119"},"content":{"rendered":"\t\t<div data-elementor-type=\"wp-page\" data-elementor-id=\"2\" class=\"elementor elementor-2\">\n\t\t\t\t<div class=\"elementor-element elementor-element-56ad639 e-con-full e-flex e-con e-parent\" data-id=\"56ad639\" data-element_type=\"container\" data-e-type=\"container\" data-settings=\"{&quot;background_background&quot;:&quot;video&quot;,&quot;background_video_link&quot;:&quot;https:\\\/\\\/youtu.be\\\/Cs8UJtXxQZI&quot;,&quot;background_video_start&quot;:5,&quot;background_play_on_mobile&quot;:&quot;yes&quot;}\">\n\t\t<div class=\"elementor-background-video-container\">\n\t\t\t\t\t\t\t<div class=\"elementor-background-video-embed\" role=\"presentation\"><\/div>\n\t\t\t\t\t\t<\/div>\t\t<\/div>\n\t\t<div class=\"elementor-element elementor-element-c4db4c1 e-flex e-con-boxed e-con e-parent\" data-id=\"c4db4c1\" data-element_type=\"container\" data-e-type=\"container\">\n\t\t\t\t\t<div class=\"e-con-inner\">\n\t\t\t\t<div class=\"elementor-element elementor-element-1fea485 elementor-widget elementor-widget-image\" data-id=\"1fea485\" data-element_type=\"widget\" data-e-type=\"widget\" data-widget_type=\"image.default\">\n\t\t\t\t<div class=\"elementor-widget-container\">\n\t\t\t\t\t\t\t\t\t\t\t\t\t\t\t<img fetchpriority=\"high\" decoding=\"async\" width=\"800\" height=\"800\" src=\"https:\/\/renzaccilaundromat.pl\/wp-content\/uploads\/2024\/09\/renzacci-color-svg.svg\" class=\"attachment-large size-large wp-image-79\" alt=\"\" \/>\t\t\t\t\t\t\t\t\t\t\t\t\t\t\t<\/div>\n\t\t\t\t<\/div>\n\t\t\t\t<div class=\"elementor-element elementor-element-f9c8eeb elementor-widget elementor-widget-heading\" data-id=\"f9c8eeb\" data-element_type=\"widget\" data-e-type=\"widget\" data-widget_type=\"heading.default\">\n\t\t\t\t<div class=\"elementor-widget-container\">\n\t\t\t\t\t<h2 class=\"elementor-heading-title elementor-size-default\">Renzacci Laundromat<\/h2>\t\t\t\t<\/div>\n\t\t\t\t<\/div>\n\t\t\t\t<div class=\"elementor-element elementor-element-35b9fa3 elementor-widget elementor-widget-heading\" data-id=\"35b9fa3\" data-element_type=\"widget\" data-e-type=\"widget\" data-widget_type=\"heading.default\">\n\t\t\t\t<div class=\"elementor-widget-container\">\n\t\t\t\t\t<h2 class=\"elementor-heading-title elementor-size-default\">Zainwestuj w dochodowy pasywny biznes!<\/h2>\t\t\t\t<\/div>\n\t\t\t\t<\/div>\n\t\t\t\t<div class=\"elementor-element elementor-element-8021242 elementor-widget elementor-widget-heading\" data-id=\"8021242\" data-element_type=\"widget\" data-e-type=\"widget\" data-widget_type=\"heading.default\">\n\t\t\t\t<div class=\"elementor-widget-container\">\n\t\t\t\t\t<h2 class=\"elementor-heading-title elementor-size-default\">Zosta\u0144 w\u0142a\u015bcicielem pralni samoobs\u0142ugowej RENZACCI LAUNDROMAT!<\/h2>\t\t\t\t<\/div>\n\t\t\t\t<\/div>\n\t\t\t\t<div class=\"elementor-element elementor-element-aead4f7 elementor-widget elementor-widget-text-editor\" data-id=\"aead4f7\" data-element_type=\"widget\" data-e-type=\"widget\" data-widget_type=\"text-editor.default\">\n\t\t\t\t<div class=\"elementor-widget-container\">\n\t\t\t\t\t\t\t\t\t<p>Pralnie samoobs\u0142ugowe to dochodowy i prosty w zarz\u0105dzaniu biznes, dost\u0119pny dla ka\u017cdego. Inwestuj\u0105c z nami, zyskujesz kompleksowe wsparcie na ka\u017cdym etapie \u2013 od wyboru lokalizacji, przez projekt, budow\u0119, a\u017c po szkolenie i marketing.<\/p>\n<p>Oferujemy dostaw\u0119 sprz\u0119tu, oprogramowania oraz sta\u0142e wsparcie techniczne. Nasza wiedza i do\u015bwiadczenie pozwol\u0105 Ci na szybki zwrot z inwestycji.<\/p>\n<p>Nasze pralnie tworzymy \u201epod klucz\u201d, dzi\u0119ki czemu mo\u017cesz skupi\u0107 si\u0119 na rozwoju swojego biznesu. Liczni inwestorzy w Polsce ju\u017c nam zaufali, a ka\u017cda pralnia jest dostosowana do lokalnych potrzeb, zapewniaj\u0105c stabilny przyp\u0142yw klient\u00f3w.<\/p>\n<p>Nasze do\u015bwiadczenie i innowacyjno\u015b\u0107 to gwarancja sukcesu Twojej pralni samoobs\u0142ugowej. Skontaktuj si\u0119 z nami i zacznij inwestowa\u0107 w przysz\u0142o\u015b\u0107 \u2013 inwestuj w pralnie samoobs\u0142ugowe Renzacci Laundromat.<\/p>\n<p style=\"margin: 0in 0in 8pt; line-height: 18.4px; font-size: 12pt; font-family: Aptos, sans-serif; color: rgb(0, 0, 0); text-align: center;\"><b><span lang=\"PL\">Obejrzyj kr\u00f3tkie wideo i dowiedz si\u0119 wi\u0119cej:<\/span><\/b><\/p>\t\t\t\t\t\t\t\t<\/div>\n\t\t\t\t<\/div>\n\t\t\t\t\t<\/div>\n\t\t\t\t<\/div>\n\t\t<div class=\"elementor-element elementor-element-187f1c6 e-con-full e-flex e-con e-parent\" data-id=\"187f1c6\" data-element_type=\"container\" data-e-type=\"container\">\n\t\t\t\t<div class=\"elementor-element elementor-element-281f8ef elementor-widget elementor-widget-video\" data-id=\"281f8ef\" data-element_type=\"widget\" data-e-type=\"widget\" data-settings=\"{&quot;youtube_url&quot;:&quot;https:\\\/\\\/youtu.be\\\/5azFkXYSWVY&quot;,&quot;video_type&quot;:&quot;youtube&quot;,&quot;controls&quot;:&quot;yes&quot;}\" data-widget_type=\"video.default\">\n\t\t\t\t<div class=\"elementor-widget-container\">\n\t\t\t\t\t\t\t<div class=\"elementor-wrapper elementor-open-inline\">\n\t\t\t<div class=\"elementor-video\"><\/div>\t\t<\/div>\n\t\t\t\t\t\t<\/div>\n\t\t\t\t<\/div>\n\t\t\t\t<\/div>\n\t\t<div class=\"elementor-element elementor-element-af8d10e e-flex e-con-boxed e-con e-parent\" data-id=\"af8d10e\" data-element_type=\"container\" data-e-type=\"container\">\n\t\t\t\t\t<div class=\"e-con-inner\">\n\t\t<div class=\"elementor-element elementor-element-0bf2c2f e-con-full e-flex e-con e-child\" data-id=\"0bf2c2f\" data-element_type=\"container\" data-e-type=\"container\">\n\t\t\t\t<div class=\"elementor-element elementor-element-84b9144 elementor-widget elementor-widget-heading\" data-id=\"84b9144\" data-element_type=\"widget\" data-e-type=\"widget\" data-widget_type=\"heading.default\">\n\t\t\t\t<div class=\"elementor-widget-container\">\n\t\t\t\t\t<h2 class=\"elementor-heading-title elementor-size-default\">Zalety prowadzenia pralni samoobs\u0142ugowej <br> RENZACCI LAUNDROMAT!<\/h2>\t\t\t\t<\/div>\n\t\t\t\t<\/div>\n\t\t\t\t<\/div>\n\t\t\t\t\t<\/div>\n\t\t\t\t<\/div>\n\t\t<div class=\"elementor-element elementor-element-43db2fc e-flex e-con-boxed e-con e-parent\" data-id=\"43db2fc\" data-element_type=\"container\" data-e-type=\"container\">\n\t\t\t\t\t<div class=\"e-con-inner\">\n\t\t<div class=\"elementor-element elementor-element-6116eb8 e-con-full e-flex e-con e-child\" data-id=\"6116eb8\" data-element_type=\"container\" data-e-type=\"container\">\n\t\t<div class=\"elementor-element elementor-element-cd92d1f e-grid e-con-full e-con e-child\" data-id=\"cd92d1f\" data-element_type=\"container\" data-e-type=\"container\">\n\t\t<div class=\"elementor-element elementor-element-6aac7b1 e-con-full e-flex e-con e-child\" data-id=\"6aac7b1\" data-element_type=\"container\" data-e-type=\"container\" data-settings=\"{&quot;background_background&quot;:&quot;classic&quot;}\">\n\t\t\t\t<div class=\"elementor-element elementor-element-983f2dd elementor-widget elementor-widget-heading\" data-id=\"983f2dd\" data-element_type=\"widget\" data-e-type=\"widget\" data-widget_type=\"heading.default\">\n\t\t\t\t<div class=\"elementor-widget-container\">\n\t\t\t\t\t<h2 class=\"elementor-heading-title elementor-size-default\">Biznes bez pracownik\u00f3w<\/h2>\t\t\t\t<\/div>\n\t\t\t\t<\/div>\n\t\t\t\t<\/div>\n\t\t<div class=\"elementor-element elementor-element-a89c94b e-con-full e-flex e-con e-child\" data-id=\"a89c94b\" data-element_type=\"container\" data-e-type=\"container\" data-settings=\"{&quot;background_background&quot;:&quot;classic&quot;}\">\n\t\t\t\t<div class=\"elementor-element elementor-element-41ba8da elementor-widget elementor-widget-heading\" data-id=\"41ba8da\" data-element_type=\"widget\" data-e-type=\"widget\" data-widget_type=\"heading.default\">\n\t\t\t\t<div class=\"elementor-widget-container\">\n\t\t\t\t\t<h2 class=\"elementor-heading-title elementor-size-default\">Szybki zwrot z inwestycji<\/h2>\t\t\t\t<\/div>\n\t\t\t\t<\/div>\n\t\t\t\t<\/div>\n\t\t<div class=\"elementor-element elementor-element-ea396ab e-con-full e-flex e-con e-child\" data-id=\"ea396ab\" data-element_type=\"container\" data-e-type=\"container\" data-settings=\"{&quot;background_background&quot;:&quot;classic&quot;}\">\n\t\t\t\t<div class=\"elementor-element elementor-element-408ace4 elementor-widget elementor-widget-heading\" data-id=\"408ace4\" data-element_type=\"widget\" data-e-type=\"widget\" data-widget_type=\"heading.default\">\n\t\t\t\t<div class=\"elementor-widget-container\">\n\t\t\t\t\t<h2 class=\"elementor-heading-title elementor-size-default\">Brak op\u0142at franczyzowych<\/h2>\t\t\t\t<\/div>\n\t\t\t\t<\/div>\n\t\t\t\t<\/div>\n\t\t<div class=\"elementor-element elementor-element-545705a e-con-full e-flex e-con e-child\" data-id=\"545705a\" data-element_type=\"container\" data-e-type=\"container\" data-settings=\"{&quot;background_background&quot;:&quot;classic&quot;}\">\n\t\t\t\t<div class=\"elementor-element elementor-element-3401a74 elementor-widget elementor-widget-heading\" data-id=\"3401a74\" data-element_type=\"widget\" data-e-type=\"widget\" data-widget_type=\"heading.default\">\n\t\t\t\t<div class=\"elementor-widget-container\">\n\t\t\t\t\t<h2 class=\"elementor-heading-title elementor-size-default\">Zdalne zarz\u0105dzanie pralni\u0105 z twojego smartfona\n<\/h2>\t\t\t\t<\/div>\n\t\t\t\t<\/div>\n\t\t\t\t<\/div>\n\t\t<div class=\"elementor-element elementor-element-f06995f e-con-full e-flex e-con e-child\" data-id=\"f06995f\" data-element_type=\"container\" data-e-type=\"container\" data-settings=\"{&quot;background_background&quot;:&quot;classic&quot;}\">\n\t\t\t\t<div class=\"elementor-element elementor-element-633deb5 elementor-widget elementor-widget-heading\" data-id=\"633deb5\" data-element_type=\"widget\" data-e-type=\"widget\" data-widget_type=\"heading.default\">\n\t\t\t\t<div class=\"elementor-widget-container\">\n\t\t\t\t\t<h2 class=\"elementor-heading-title elementor-size-default\">Mo\u017cliwo\u015b\u0107 zarz\u0105dzania kilkunastoma pralniami jednocze\u015bnie<\/h2>\t\t\t\t<\/div>\n\t\t\t\t<\/div>\n\t\t\t\t<\/div>\n\t\t<div class=\"elementor-element elementor-element-6e7acd9 e-con-full e-flex e-con e-child\" data-id=\"6e7acd9\" data-element_type=\"container\" data-e-type=\"container\" data-settings=\"{&quot;background_background&quot;:&quot;classic&quot;}\">\n\t\t\t\t<div class=\"elementor-element elementor-element-473d681 elementor-widget elementor-widget-heading\" data-id=\"473d681\" data-element_type=\"widget\" data-e-type=\"widget\" data-widget_type=\"heading.default\">\n\t\t\t\t<div class=\"elementor-widget-container\">\n\t\t\t\t\t<h2 class=\"elementor-heading-title elementor-size-default\">Pralnia mo\u017ce by\u0107 otwarta 24 godziny na dob\u0119 przez 365 dni w roku\n<\/h2>\t\t\t\t<\/div>\n\t\t\t\t<\/div>\n\t\t\t\t<\/div>\n\t\t<div class=\"elementor-element elementor-element-d6dc8ee e-con-full e-flex e-con e-child\" data-id=\"d6dc8ee\" data-element_type=\"container\" data-e-type=\"container\" data-settings=\"{&quot;background_background&quot;:&quot;classic&quot;}\">\n\t\t\t\t<div class=\"elementor-element elementor-element-176df84 elementor-widget elementor-widget-heading\" data-id=\"176df84\" data-element_type=\"widget\" data-e-type=\"widget\" data-widget_type=\"heading.default\">\n\t\t\t\t<div class=\"elementor-widget-container\">\n\t\t\t\t\t<h2 class=\"elementor-heading-title elementor-size-default\">Koszty zmienne pralni pojawiaj\u0105 si\u0119 tylko w momencie przychodu<\/h2>\t\t\t\t<\/div>\n\t\t\t\t<\/div>\n\t\t\t\t<\/div>\n\t\t<div class=\"elementor-element elementor-element-85638c0 e-con-full e-flex e-con e-child\" data-id=\"85638c0\" data-element_type=\"container\" data-e-type=\"container\" data-settings=\"{&quot;background_background&quot;:&quot;classic&quot;}\">\n\t\t\t\t<div class=\"elementor-element elementor-element-acc9457 elementor-widget elementor-widget-heading\" data-id=\"acc9457\" data-element_type=\"widget\" data-e-type=\"widget\" data-widget_type=\"heading.default\">\n\t\t\t\t<div class=\"elementor-widget-container\">\n\t\t\t\t\t<h2 class=\"elementor-heading-title elementor-size-default\">Biznes odporny na pogod\u0119, COVID, sytuacj\u0119 polityczn\u0105 i gospodarcz\u0105<\/h2>\t\t\t\t<\/div>\n\t\t\t\t<\/div>\n\t\t\t\t<\/div>\n\t\t<div class=\"elementor-element elementor-element-9274997 e-con-full e-flex e-con e-child\" data-id=\"9274997\" data-element_type=\"container\" data-e-type=\"container\" data-settings=\"{&quot;background_background&quot;:&quot;classic&quot;}\">\n\t\t\t\t<div class=\"elementor-element elementor-element-36f2344 elementor-widget elementor-widget-heading\" data-id=\"36f2344\" data-element_type=\"widget\" data-e-type=\"widget\" data-widget_type=\"heading.default\">\n\t\t\t\t<div class=\"elementor-widget-container\">\n\t\t\t\t\t<h2 class=\"elementor-heading-title elementor-size-default\">Wzmo\u017cony i rosn\u0105cy z dnia na dzie\u0144 popyt na tego typu us\u0142ug\u0119<\/h2>\t\t\t\t<\/div>\n\t\t\t\t<\/div>\n\t\t\t\t<\/div>\n\t\t\t\t<\/div>\n\t\t\t\t<div class=\"elementor-element elementor-element-2e0bbbe elementor-widget elementor-widget-image\" data-id=\"2e0bbbe\" data-element_type=\"widget\" data-e-type=\"widget\" data-widget_type=\"image.default\">\n\t\t\t\t<div class=\"elementor-widget-container\">\n\t\t\t\t\t\t\t\t\t\t\t\t\t\t\t<img decoding=\"async\" width=\"976\" height=\"548\" src=\"https:\/\/renzaccilaundromat.pl\/wp-content\/uploads\/2024\/10\/sherlock.png\" class=\"attachment-full size-full wp-image-115\" alt=\"\" srcset=\"https:\/\/renzaccilaundromat.pl\/wp-content\/uploads\/2024\/10\/sherlock.png 976w, https:\/\/renzaccilaundromat.pl\/wp-content\/uploads\/2024\/10\/sherlock-300x168.png 300w, https:\/\/renzaccilaundromat.pl\/wp-content\/uploads\/2024\/10\/sherlock-768x431.png 768w\" sizes=\"(max-width: 976px) 100vw, 976px\" \/>\t\t\t\t\t\t\t\t\t\t\t\t\t\t\t<\/div>\n\t\t\t\t<\/div>\n\t\t\t\t<\/div>\n\t\t\t\t\t<\/div>\n\t\t\t\t<\/div>\n\t\t<div class=\"elementor-element elementor-element-3233843 e-flex e-con-boxed e-con e-parent\" data-id=\"3233843\" data-element_type=\"container\" data-e-type=\"container\">\n\t\t\t\t\t<div class=\"e-con-inner\">\n\t\t<div class=\"elementor-element elementor-element-d34b566 e-con-full e-flex e-con e-child\" data-id=\"d34b566\" data-element_type=\"container\" data-e-type=\"container\">\n\t\t\t\t<div class=\"elementor-element elementor-element-c90ae25 elementor-widget elementor-widget-heading\" data-id=\"c90ae25\" data-element_type=\"widget\" data-e-type=\"widget\" data-widget_type=\"heading.default\">\n\t\t\t\t<div class=\"elementor-widget-container\">\n\t\t\t\t\t<h2 class=\"elementor-heading-title elementor-size-default\">Dowiedz si\u0119 jak dzia\u0142aj\u0105 nasze pralnie<\/h2>\t\t\t\t<\/div>\n\t\t\t\t<\/div>\n\t\t\t\t<div class=\"elementor-element elementor-element-83f4ed3 elementor-widget elementor-widget-text-editor\" data-id=\"83f4ed3\" data-element_type=\"widget\" data-e-type=\"widget\" data-widget_type=\"text-editor.default\">\n\t\t\t\t<div class=\"elementor-widget-container\">\n\t\t\t\t\t\t\t\t\t<p>Obejrzyj kr\u00f3tk\u0105 instrukcj\u0119 obs\u0142ugi i dowiedz si\u0119 jak proste i intuicyjne jest korzystanie z pralni Renzacci Laundromat!<\/p>\t\t\t\t\t\t\t\t<\/div>\n\t\t\t\t<\/div>\n\t\t\t\t<\/div>\n\t\t\t\t\t<\/div>\n\t\t\t\t<\/div>\n\t\t<div class=\"elementor-element elementor-element-491827f e-con-full e-flex e-con e-parent\" data-id=\"491827f\" data-element_type=\"container\" data-e-type=\"container\">\n\t\t\t\t<div class=\"elementor-element elementor-element-2fb54a5 elementor-widget elementor-widget-video\" data-id=\"2fb54a5\" data-element_type=\"widget\" data-e-type=\"widget\" data-settings=\"{&quot;youtube_url&quot;:&quot;https:\\\/\\\/youtu.be\\\/jWb01JLud0s&quot;,&quot;video_type&quot;:&quot;youtube&quot;,&quot;controls&quot;:&quot;yes&quot;}\" data-widget_type=\"video.default\">\n\t\t\t\t<div class=\"elementor-widget-container\">\n\t\t\t\t\t\t\t<div class=\"elementor-wrapper elementor-open-inline\">\n\t\t\t<div class=\"elementor-video\"><\/div>\t\t<\/div>\n\t\t\t\t\t\t<\/div>\n\t\t\t\t<\/div>\n\t\t\t\t<\/div>\n\t\t<div class=\"elementor-element elementor-element-5e9b83f e-flex e-con-boxed e-con e-parent\" data-id=\"5e9b83f\" data-element_type=\"container\" data-e-type=\"container\">\n\t\t\t\t\t<div class=\"e-con-inner\">\n\t\t\t\t<div class=\"elementor-element elementor-element-340bbfd elementor-align-justify elementor-widget elementor-widget-button\" data-id=\"340bbfd\" data-element_type=\"widget\" data-e-type=\"widget\" data-widget_type=\"button.default\">\n\t\t\t\t<div class=\"elementor-widget-container\">\n\t\t\t\t\t\t\t\t\t<div class=\"elementor-button-wrapper\">\n\t\t\t\t\t<a class=\"elementor-button elementor-button-link elementor-size-sm elementor-animation-float\" href=\"https:\/\/insidelaundry.pl\/\">\n\t\t\t\t\t\t<span class=\"elementor-button-content-wrapper\">\n\t\t\t\t\t\t<span class=\"elementor-button-icon\">\n\t\t\t\t<svg aria-hidden=\"true\" class=\"e-font-icon-svg e-fas-arrow-alt-circle-right\" viewBox=\"0 0 512 512\" xmlns=\"http:\/\/www.w3.org\/2000\/svg\"><path d=\"M256 8c137 0 248 111 248 248S393 504 256 504 8 393 8 256 119 8 256 8zM140 300h116v70.9c0 10.7 13 16.1 20.5 8.5l114.3-114.9c4.7-4.7 4.7-12.2 0-16.9l-114.3-115c-7.6-7.6-20.5-2.2-20.5 8.5V212H140c-6.6 0-12 5.4-12 12v64c0 6.6 5.4 12 12 12z\"><\/path><\/svg>\t\t\t<\/span>\n\t\t\t\t\t\t\t\t\t<span class=\"elementor-button-text\">Dowiedz si\u0119 wi\u0119cej<\/span>\n\t\t\t\t\t<\/span>\n\t\t\t\t\t<\/a>\n\t\t\t\t<\/div>\n\t\t\t\t\t\t\t\t<\/div>\n\t\t\t\t<\/div>\n\t\t\t\t<div class=\"elementor-element elementor-element-9baa930 elementor-widget elementor-widget-heading\" data-id=\"9baa930\" data-element_type=\"widget\" data-e-type=\"widget\" data-widget_type=\"heading.default\">\n\t\t\t\t<div class=\"elementor-widget-container\">\n\t\t\t\t\t<h2 class=\"elementor-heading-title elementor-size-default\"><a href=\"https:\/\/insidelaundry.pl\/\">https:\/\/insidelaundry.pl\/<\/a><\/h2>\t\t\t\t<\/div>\n\t\t\t\t<\/div>\n\t\t\t\t\t<\/div>\n\t\t\t\t<\/div>\n\t\t<div class=\"elementor-element elementor-element-a9fc1fc e-flex e-con-boxed e-con e-parent\" data-id=\"a9fc1fc\" data-element_type=\"container\" data-e-type=\"container\">\n\t\t\t\t\t<div class=\"e-con-inner\">\n\t\t\t\t<div class=\"elementor-element elementor-element-91122e4 elementor-widget elementor-widget-heading\" data-id=\"91122e4\" data-element_type=\"widget\" data-e-type=\"widget\" data-widget_type=\"heading.default\">\n\t\t\t\t<div class=\"elementor-widget-container\">\n\t\t\t\t\t<h2 class=\"elementor-heading-title elementor-size-default\">&copy;2024 Insidelaundry.pl<\/h2>\t\t\t\t<\/div>\n\t\t\t\t<\/div>\n\t\t\t\t\t<\/div>\n\t\t\t\t<\/div>\n\t\t\t\t<\/div>\n\t\t","protected":false},"excerpt":{"rendered":"<p>Renzacci Laundromat Zainwestuj w dochodowy pasywny biznes! Zosta\u0144 w\u0142a\u015bcicielem pralni samoobs\u0142ugowej RENZACCI LAUNDROMAT! Pralnie samoobs\u0142ugowe to dochodowy i prosty w zarz\u0105dzaniu biznes, dost\u0119pny dla ka\u017cdego. Inwestuj\u0105c z nami, zyskujesz kompleksowe wsparcie na ka\u017cdym etapie \u2013 od wyboru lokalizacji, przez projekt, budow\u0119, a\u017c po szkolenie i marketing. Oferujemy dostaw\u0119 sprz\u0119tu, oprogramowania oraz sta\u0142e wsparcie techniczne. Nasza [&hellip;]<\/p>\n","protected":false},"author":1,"featured_media":0,"parent":0,"menu_order":0,"comment_status":"closed","ping_status":"open","template":"elementor_canvas","meta":{"inline_featured_image":false,"footnotes":""},"class_list":["post-2","page","type-page","status-publish","hentry"],"_links":{"self":[{"href":"https:\/\/renzaccilaundromat.pl\/index.php?rest_route=\/wp\/v2\/pages\/2","targetHints":{"allow":["GET"]}}],"collection":[{"href":"https:\/\/renzaccilaundromat.pl\/index.php?rest_route=\/wp\/v2\/pages"}],"about":[{"href":"https:\/\/renzaccilaundromat.pl\/index.php?rest_route=\/wp\/v2\/types\/page"}],"author":[{"embeddable":true,"href":"https:\/\/renzaccilaundromat.pl\/index.php?rest_route=\/wp\/v2\/users\/1"}],"replies":[{"embeddable":true,"href":"https:\/\/renzaccilaundromat.pl\/index.php?rest_route=%2Fwp%2Fv2%2Fcomments&post=2"}],"version-history":[{"count":46,"href":"https:\/\/renzaccilaundromat.pl\/index.php?rest_route=\/wp\/v2\/pages\/2\/revisions"}],"predecessor-version":[{"id":134,"href":"https:\/\/renzaccilaundromat.pl\/index.php?rest_route=\/wp\/v2\/pages\/2\/revisions\/134"}],"wp:attachment":[{"href":"https:\/\/renzaccilaundromat.pl\/index.php?rest_route=%2Fwp%2Fv2%2Fmedia&parent=2"}],"curies":[{"name":"wp","href":"https:\/\/api.w.org\/{rel}","templated":true}]}}